{"id":9,"date":"2018-08-01T15:25:12","date_gmt":"2018-08-01T15:25:12","guid":{"rendered":"http:\/\/arbelchile.cl\/?page_id=9"},"modified":"2018-08-06T22:32:24","modified_gmt":"2018-08-07T02:32:24","slug":"marketing","status":"publish","type":"page","link":"https:\/\/arbelchile.cl\/index.php\/marketing\/","title":{"rendered":"Marketing Digital y Comunicaciones Estrat\u00e9gicas"},"content":{"rendered":"<p><img decoding=\"async\" class=\"alignleft wp-image-78\" src=\"http:\/\/arbelchile.cl\/wp-content\/uploads\/2018\/08\/Inbound-Marketing.png\" alt=\"\" width=\"200\" height=\"198\" srcset=\"https:\/\/arbelchile.cl\/wp-content\/uploads\/2018\/08\/Inbound-Marketing.png 244w, https:\/\/arbelchile.cl\/wp-content\/uploads\/2018\/08\/Inbound-Marketing-150x150.png 150w, https:\/\/arbelchile.cl\/wp-content\/uploads\/2018\/08\/Inbound-Marketing-100x100.png 100w\" sizes=\"(max-width: 200px) 100vw, 200px\" \/><\/p>\n<ul>\n<li><span style=\"font-weight: 400;\">Posicionamiento en Google: SEO y AdWords<\/span><\/li>\n<li><span style=\"font-weight: 400;\">Campa\u00f1as en FacebookAds<\/span><\/li>\n<li><span style=\"font-weight: 400;\">Community Management y Social Media<\/span><\/li>\n<li><span style=\"font-weight: 400;\">Copywriting y Redacci\u00f3n Creativa<\/span><\/li>\n<li><span style=\"font-weight: 400;\">Videos Corporativos, Infogr\u00e1ficos, Animaciones, Motion Graphics (2D y 3D)<\/span><\/li>\n<li><span style=\"font-weight: 400;\">Producci\u00f3n de Eventos, Ferias y Congresos<\/span><\/li>\n<\/ul>\n","protected":false},"excerpt":{"rendered":"<p>Posicionamiento en Google: SEO y AdWords Campa\u00f1as en FacebookAds Community Management y Social Media Copywriting y Redacci\u00f3n Creativa Videos Corporativos, Infogr\u00e1ficos, Animaciones, Motion Graphics (2D y 3D) Producci\u00f3n de Eventos, Ferias y Congresos<\/p>\n","protected":false},"author":1,"featured_media":42,"parent":0,"menu_order":0,"comment_status":"closed","ping_status":"closed","template":"","meta":{"neve_meta_sidebar":"","neve_meta_container":"","neve_meta_enable_content_width":"","neve_meta_content_width":0,"neve_meta_title_alignment":"","neve_meta_author_avatar":"","neve_post_elements_order":"","neve_meta_disable_header":"","neve_meta_disable_footer":"","neve_meta_disable_title":"","footnotes":""},"class_list":["post-9","page","type-page","status-publish","has-post-thumbnail","hentry"],"yoast_head":"<!-- This site is optimized with the Yoast SEO plugin v26.3 - https:\/\/yoast.com\/wordpress\/plugins\/seo\/ -->\n<title>Marketing Digital y Comunicaciones Estrat\u00e9gicas - ARBEL CHILE<\/title>\n<meta name=\"robots\" content=\"index, follow, max-snippet:-1, max-image-preview:large, max-video-preview:-1\" \/>\n<link rel=\"canonical\" href=\"https:\/\/arbelchile.cl\/index.php\/marketing\/\" \/>\n<meta property=\"og:locale\" content=\"es_ES\" \/>\n<meta property=\"og:type\" content=\"article\" \/>\n<meta property=\"og:title\" content=\"Marketing Digital y Comunicaciones Estrat\u00e9gicas - ARBEL CHILE\" \/>\n<meta property=\"og:description\" content=\"Posicionamiento en Google: SEO y AdWords Campa\u00f1as en FacebookAds Community Management y Social Media Copywriting y Redacci\u00f3n Creativa Videos Corporativos, Infogr\u00e1ficos, Animaciones, Motion Graphics (2D y 3D) Producci\u00f3n de Eventos, Ferias y Congresos\" \/>\n<meta property=\"og:url\" content=\"https:\/\/arbelchile.cl\/index.php\/marketing\/\" \/>\n<meta property=\"og:site_name\" content=\"ARBEL CHILE\" \/>\n<meta property=\"article:publisher\" content=\"https:\/\/www.facebook.com\/arbelchile\" \/>\n<meta property=\"article:modified_time\" content=\"2018-08-07T02:32:24+00:00\" \/>\n<meta property=\"og:image\" content=\"https:\/\/arbelchile.cl\/wp-content\/uploads\/2018\/08\/286-1024x716.jpg\" \/>\n\t<meta property=\"og:image:width\" content=\"1024\" \/>\n\t<meta property=\"og:image:height\" content=\"716\" \/>\n\t<meta property=\"og:image:type\" content=\"image\/jpeg\" \/>\n<meta name=\"twitter:card\" content=\"summary_large_image\" \/>\n<script type=\"application\/ld+json\" class=\"yoast-schema-graph\">{\"@context\":\"https:\/\/schema.org\",\"@graph\":[{\"@type\":\"WebPage\",\"@id\":\"https:\/\/arbelchile.cl\/index.php\/marketing\/\",\"url\":\"https:\/\/arbelchile.cl\/index.php\/marketing\/\",\"name\":\"Marketing Digital y Comunicaciones Estrat\u00e9gicas - ARBEL CHILE\",\"isPartOf\":{\"@id\":\"https:\/\/arbelchile.cl\/#website\"},\"primaryImageOfPage\":{\"@id\":\"https:\/\/arbelchile.cl\/index.php\/marketing\/#primaryimage\"},\"image\":{\"@id\":\"https:\/\/arbelchile.cl\/index.php\/marketing\/#primaryimage\"},\"thumbnailUrl\":\"https:\/\/arbelchile.cl\/wp-content\/uploads\/2018\/08\/286.jpg\",\"datePublished\":\"2018-08-01T15:25:12+00:00\",\"dateModified\":\"2018-08-07T02:32:24+00:00\",\"breadcrumb\":{\"@id\":\"https:\/\/arbelchile.cl\/index.php\/marketing\/#breadcrumb\"},\"inLanguage\":\"es-CL\",\"potentialAction\":[{\"@type\":\"ReadAction\",\"target\":[\"https:\/\/arbelchile.cl\/index.php\/marketing\/\"]}]},{\"@type\":\"ImageObject\",\"inLanguage\":\"es-CL\",\"@id\":\"https:\/\/arbelchile.cl\/index.php\/marketing\/#primaryimage\",\"url\":\"https:\/\/arbelchile.cl\/wp-content\/uploads\/2018\/08\/286.jpg\",\"contentUrl\":\"https:\/\/arbelchile.cl\/wp-content\/uploads\/2018\/08\/286.jpg\",\"width\":3826,\"height\":2676},{\"@type\":\"BreadcrumbList\",\"@id\":\"https:\/\/arbelchile.cl\/index.php\/marketing\/#breadcrumb\",\"itemListElement\":[{\"@type\":\"ListItem\",\"position\":1,\"name\":\"Portada\",\"item\":\"https:\/\/arbelchile.cl\/\"},{\"@type\":\"ListItem\",\"position\":2,\"name\":\"Marketing Digital y Comunicaciones Estrat\u00e9gicas\"}]},{\"@type\":\"WebSite\",\"@id\":\"https:\/\/arbelchile.cl\/#website\",\"url\":\"https:\/\/arbelchile.cl\/\",\"name\":\"ARBEL CHILE\",\"description\":\"Soluciones confiables\",\"publisher\":{\"@id\":\"https:\/\/arbelchile.cl\/#organization\"},\"potentialAction\":[{\"@type\":\"SearchAction\",\"target\":{\"@type\":\"EntryPoint\",\"urlTemplate\":\"https:\/\/arbelchile.cl\/?s={search_term_string}\"},\"query-input\":{\"@type\":\"PropertyValueSpecification\",\"valueRequired\":true,\"valueName\":\"search_term_string\"}}],\"inLanguage\":\"es-CL\"},{\"@type\":\"Organization\",\"@id\":\"https:\/\/arbelchile.cl\/#organization\",\"name\":\"ARBEL CHILE\",\"url\":\"https:\/\/arbelchile.cl\/\",\"logo\":{\"@type\":\"ImageObject\",\"inLanguage\":\"es-CL\",\"@id\":\"https:\/\/arbelchile.cl\/#\/schema\/logo\/image\/\",\"url\":\"https:\/\/arbelchile.cl\/wp-content\/uploads\/2018\/08\/cropped-cropped-logo_arbel-1.png\",\"contentUrl\":\"https:\/\/arbelchile.cl\/wp-content\/uploads\/2018\/08\/cropped-cropped-logo_arbel-1.png\",\"width\":276,\"height\":250,\"caption\":\"ARBEL CHILE\"},\"image\":{\"@id\":\"https:\/\/arbelchile.cl\/#\/schema\/logo\/image\/\"},\"sameAs\":[\"https:\/\/www.facebook.com\/arbelchile\",\"https:\/\/www.linkedin.com\/company\/arbel-chile\/mycompany\/?viewAsMember=true\",\"https:\/\/www.youtube.com\/@arbelchile8565\",\"https:\/\/www.instagram.com\/arbel.chile\/\"]}]}<\/script>\n<!-- \/ Yoast SEO plugin. -->","yoast_head_json":{"title":"Marketing Digital y Comunicaciones Estrat\u00e9gicas - ARBEL CHILE","robots":{"index":"index","follow":"follow","max-snippet":"max-snippet:-1","max-image-preview":"max-image-preview:large","max-video-preview":"max-video-preview:-1"},"canonical":"https:\/\/arbelchile.cl\/index.php\/marketing\/","og_locale":"es_ES","og_type":"article","og_title":"Marketing Digital y Comunicaciones Estrat\u00e9gicas - ARBEL CHILE","og_description":"Posicionamiento en Google: SEO y AdWords Campa\u00f1as en FacebookAds Community Management y Social Media Copywriting y Redacci\u00f3n Creativa Videos Corporativos, Infogr\u00e1ficos, Animaciones, Motion Graphics (2D y 3D) Producci\u00f3n de Eventos, Ferias y Congresos","og_url":"https:\/\/arbelchile.cl\/index.php\/marketing\/","og_site_name":"ARBEL CHILE","article_publisher":"https:\/\/www.facebook.com\/arbelchile","article_modified_time":"2018-08-07T02:32:24+00:00","og_image":[{"width":1024,"height":716,"url":"https:\/\/arbelchile.cl\/wp-content\/uploads\/2018\/08\/286-1024x716.jpg","type":"image\/jpeg"}],"twitter_card":"summary_large_image","schema":{"@context":"https:\/\/schema.org","@graph":[{"@type":"WebPage","@id":"https:\/\/arbelchile.cl\/index.php\/marketing\/","url":"https:\/\/arbelchile.cl\/index.php\/marketing\/","name":"Marketing Digital y Comunicaciones Estrat\u00e9gicas - ARBEL CHILE","isPartOf":{"@id":"https:\/\/arbelchile.cl\/#website"},"primaryImageOfPage":{"@id":"https:\/\/arbelchile.cl\/index.php\/marketing\/#primaryimage"},"image":{"@id":"https:\/\/arbelchile.cl\/index.php\/marketing\/#primaryimage"},"thumbnailUrl":"https:\/\/arbelchile.cl\/wp-content\/uploads\/2018\/08\/286.jpg","datePublished":"2018-08-01T15:25:12+00:00","dateModified":"2018-08-07T02:32:24+00:00","breadcrumb":{"@id":"https:\/\/arbelchile.cl\/index.php\/marketing\/#breadcrumb"},"inLanguage":"es-CL","potentialAction":[{"@type":"ReadAction","target":["https:\/\/arbelchile.cl\/index.php\/marketing\/"]}]},{"@type":"ImageObject","inLanguage":"es-CL","@id":"https:\/\/arbelchile.cl\/index.php\/marketing\/#primaryimage","url":"https:\/\/arbelchile.cl\/wp-content\/uploads\/2018\/08\/286.jpg","contentUrl":"https:\/\/arbelchile.cl\/wp-content\/uploads\/2018\/08\/286.jpg","width":3826,"height":2676},{"@type":"BreadcrumbList","@id":"https:\/\/arbelchile.cl\/index.php\/marketing\/#breadcrumb","itemListElement":[{"@type":"ListItem","position":1,"name":"Portada","item":"https:\/\/arbelchile.cl\/"},{"@type":"ListItem","position":2,"name":"Marketing Digital y Comunicaciones Estrat\u00e9gicas"}]},{"@type":"WebSite","@id":"https:\/\/arbelchile.cl\/#website","url":"https:\/\/arbelchile.cl\/","name":"ARBEL CHILE","description":"Soluciones confiables","publisher":{"@id":"https:\/\/arbelchile.cl\/#organization"},"potentialAction":[{"@type":"SearchAction","target":{"@type":"EntryPoint","urlTemplate":"https:\/\/arbelchile.cl\/?s={search_term_string}"},"query-input":{"@type":"PropertyValueSpecification","valueRequired":true,"valueName":"search_term_string"}}],"inLanguage":"es-CL"},{"@type":"Organization","@id":"https:\/\/arbelchile.cl\/#organization","name":"ARBEL CHILE","url":"https:\/\/arbelchile.cl\/","logo":{"@type":"ImageObject","inLanguage":"es-CL","@id":"https:\/\/arbelchile.cl\/#\/schema\/logo\/image\/","url":"https:\/\/arbelchile.cl\/wp-content\/uploads\/2018\/08\/cropped-cropped-logo_arbel-1.png","contentUrl":"https:\/\/arbelchile.cl\/wp-content\/uploads\/2018\/08\/cropped-cropped-logo_arbel-1.png","width":276,"height":250,"caption":"ARBEL CHILE"},"image":{"@id":"https:\/\/arbelchile.cl\/#\/schema\/logo\/image\/"},"sameAs":["https:\/\/www.facebook.com\/arbelchile","https:\/\/www.linkedin.com\/company\/arbel-chile\/mycompany\/?viewAsMember=true","https:\/\/www.youtube.com\/@arbelchile8565","https:\/\/www.instagram.com\/arbel.chile\/"]}]}},"_links":{"self":[{"href":"https:\/\/arbelchile.cl\/index.php\/wp-json\/wp\/v2\/pages\/9","targetHints":{"allow":["GET"]}}],"collection":[{"href":"https:\/\/arbelchile.cl\/index.php\/wp-json\/wp\/v2\/pages"}],"about":[{"href":"https:\/\/arbelchile.cl\/index.php\/wp-json\/wp\/v2\/types\/page"}],"author":[{"embeddable":true,"href":"https:\/\/arbelchile.cl\/index.php\/wp-json\/wp\/v2\/users\/1"}],"replies":[{"embeddable":true,"href":"https:\/\/arbelchile.cl\/index.php\/wp-json\/wp\/v2\/comments?post=9"}],"version-history":[{"count":4,"href":"https:\/\/arbelchile.cl\/index.php\/wp-json\/wp\/v2\/pages\/9\/revisions"}],"predecessor-version":[{"id":80,"href":"https:\/\/arbelchile.cl\/index.php\/wp-json\/wp\/v2\/pages\/9\/revisions\/80"}],"wp:featuredmedia":[{"embeddable":true,"href":"https:\/\/arbelchile.cl\/index.php\/wp-json\/wp\/v2\/media\/42"}],"wp:attachment":[{"href":"https:\/\/arbelchile.cl\/index.php\/wp-json\/wp\/v2\/media?parent=9"}],"curies":[{"name":"wp","href":"https:\/\/api.w.org\/{rel}","templated":true}]}}